{"id":5168,"date":"2022-07-01T09:58:43","date_gmt":"2022-07-01T09:58:43","guid":{"rendered":"https:\/\/demoapus1.com\/educrat\/tutor\/lp-term-conditions\/"},"modified":"2022-10-14T21:03:47","modified_gmt":"2022-10-14T21:03:47","slug":"term-conditions","status":"publish","type":"page","link":"https:\/\/visoftlda.com\/cursos\/courses\/term-conditions\/","title":{"rendered":"Termo"},"content":{"rendered":"\t\t<div data-elementor-type=\"wp-page\" data-elementor-id=\"5168\" class=\"elementor elementor-5168\">\n\t\t\t\t\t\t<section class=\"elementor-section elementor-top-section elementor-element elementor-element-e7f3cde elementor-section-stretched elementor-section-boxed elementor-section-height-default elementor-section-height-default\" data-id=\"e7f3cde\" data-element_type=\"section\" data-settings=\"{&quot;stretch_section&quot;:&quot;section-stretched&quot;}\">\n\t\t\t\t\t\t<div class=\"elementor-container elementor-column-gap-extended\">\n\t\t\t\t\t<div class=\"elementor-column elementor-col-100 elementor-top-column elementor-element elementor-element-87aabb2\" data-id=\"87aabb2\" data-element_type=\"column\">\n\t\t\t<div class=\"elementor-widget-wrap elementor-element-populated\">\n\t\t\t\t\t\t<div class=\"elementor-element elementor-element-cda491d elementor-widget elementor-widget-heading\" data-id=\"cda491d\" data-element_type=\"widget\" data-widget_type=\"heading.default\">\n\t\t\t\t<div class=\"elementor-widget-container\">\n\t\t\t\t\t<h2 class=\"elementor-heading-title elementor-size-default\">Termos & Condi\u00e7\u00f5es<\/h2>\t\t\t\t<\/div>\n\t\t\t\t<\/div>\n\t\t\t\t<div class=\"elementor-element elementor-element-85e244f elementor-widget elementor-widget-text-editor\" data-id=\"85e244f\" data-element_type=\"widget\" data-widget_type=\"text-editor.default\">\n\t\t\t\t<div class=\"elementor-widget-container\">\n\t\t\t\t\t\t\t\t\t<p>Temos a miss\u00e3o de oferecer cursos atraentes e selecionados a um pre\u00e7o razo\u00e1vel.<\/p>\t\t\t\t\t\t\t\t<\/div>\n\t\t\t\t<\/div>\n\t\t\t\t\t<\/div>\n\t\t<\/div>\n\t\t\t\t\t<\/div>\n\t\t<\/section>\n\t\t\t\t<section class=\"elementor-section elementor-top-section elementor-element elementor-element-a31153f elementor-section-stretched elementor-section-boxed elementor-section-height-default elementor-section-height-default\" data-id=\"a31153f\" data-element_type=\"section\" data-settings=\"{&quot;stretch_section&quot;:&quot;section-stretched&quot;}\">\n\t\t\t\t\t\t<div class=\"elementor-container elementor-column-gap-extended\">\n\t\t\t\t\t<div class=\"elementor-column elementor-col-100 elementor-top-column elementor-element elementor-element-1f054a3\" data-id=\"1f054a3\" data-element_type=\"column\">\n\t\t\t<div class=\"elementor-widget-wrap elementor-element-populated\">\n\t\t\t\t\t\t<div class=\"elementor-element elementor-element-c2993bf elementor-widget elementor-widget-heading\" data-id=\"c2993bf\" data-element_type=\"widget\" data-widget_type=\"heading.default\">\n\t\t\t\t<div class=\"elementor-widget-container\">\n\t\t\t\t\t<h2 class=\"elementor-heading-title elementor-size-default\">Usando nossos servi\u00e7os<\/h2>\t\t\t\t<\/div>\n\t\t\t\t<\/div>\n\t\t\t\t<div class=\"elementor-element elementor-element-0680c1f elementor-widget elementor-widget-text-editor\" data-id=\"0680c1f\" data-element_type=\"widget\" data-widget_type=\"text-editor.default\">\n\t\t\t\t<div class=\"elementor-widget-container\">\n\t\t\t\t\t\t\t\t\t<p>Voc\u00ea deve seguir todas as pol\u00edticas disponibilizadas para voc\u00ea dentro dos Servi\u00e7os. N\u00e3o use mal nossos servi\u00e7os. Por exemplo, n\u00e3o interfira em nossos Servi\u00e7os ou tente a cess\u00e1-los usando um m\u00e9todo diferente da interface e as instru\u00e7\u00f5es que fornecemos. Voc\u00ea pode usar nossos Servi\u00e7os apenas conforme permitido por lei, incluindo leis e regulamentos aplic\u00e1veis de controle de exporta\u00e7\u00e3o e reexporta\u00e7\u00e3o. Podemos suspender ou parar de fornecer nossos Servi\u00e7os a voc\u00ea se voc\u00ea n\u00e3o cumprir nossos termos ou pol\u00edticas ou se estamos investigando suspeitas de m\u00e1 conduta. O uso de nossos Servi\u00e7os n\u00e3o lhe d\u00e1 a propriedade de nenhum direito de propriedade intelectual em nossos Servi\u00e7os ou do conte\u00fado que voc\u00ea acessa. Voc\u00ea n\u00e3o pode usar o conte\u00fado de nossos Servi\u00e7os a menos que obtenha permiss\u00e3o de seu propriet\u00e1rio ou seja permitido por lei. Estes termos n\u00e3o lhe d\u00e3o o direito de usar qualquer marca ou logotipos usados em nossos Servi\u00e7os. N\u00e3o remova, obscure\u00e7a ou altere quaisquer avisos legais exibidos dentro ou junto com nossos Servi\u00e7os.<\/p>\t\t\t\t\t\t\t\t<\/div>\n\t\t\t\t<\/div>\n\t\t\t\t\t<\/div>\n\t\t<\/div>\n\t\t\t\t\t<\/div>\n\t\t<\/section>\n\t\t\t\t<section class=\"elementor-section elementor-top-section elementor-element elementor-element-15cc98c elementor-section-stretched elementor-section-boxed elementor-section-height-default elementor-section-height-default\" data-id=\"15cc98c\" data-element_type=\"section\" data-settings=\"{&quot;stretch_section&quot;:&quot;section-stretched&quot;}\">\n\t\t\t\t\t\t<div class=\"elementor-container elementor-column-gap-extended\">\n\t\t\t\t\t<div class=\"elementor-column elementor-col-100 elementor-top-column elementor-element elementor-element-f3e2827\" data-id=\"f3e2827\" data-element_type=\"column\">\n\t\t\t<div class=\"elementor-widget-wrap elementor-element-populated\">\n\t\t\t\t\t\t<div class=\"elementor-element elementor-element-37e3e86 elementor-widget elementor-widget-heading\" data-id=\"37e3e86\" data-element_type=\"widget\" data-widget_type=\"heading.default\">\n\t\t\t\t<div class=\"elementor-widget-container\">\n\t\t\t\t\t<h2 class=\"elementor-heading-title elementor-size-default\">Seu conte\u00fado em nossos servi\u00e7os<\/h2>\t\t\t\t<\/div>\n\t\t\t\t<\/div>\n\t\t\t\t<div class=\"elementor-element elementor-element-8a5b38b elementor-widget elementor-widget-text-editor\" data-id=\"8a5b38b\" data-element_type=\"widget\" data-widget_type=\"text-editor.default\">\n\t\t\t\t<div class=\"elementor-widget-container\">\n\t\t\t\t\t\t\t\t\t<p>Quando voc\u00ea carrega, envia, armazena, envia ou recebe conte\u00fado para ou atrav\u00e9s de nossos Servi\u00e7os, voc\u00ea d\u00e1 \u00e0 Front (e \u00e0queles com quem trabalhamos) uma licen\u00e7a mundial para usar, hospedar, armazenar, reproduzir, modificar, criar trabalhos derivados (como aqueles resultantes de tradu\u00e7\u00f5es, adapta\u00e7\u00f5es ou outras altera\u00e7\u00f5es que fazemos para que seu conte\u00fado funcione melhor com nossos Servi\u00e7os), comunique- se, publicar, executar publicamente, exibir e distribuir publicamente esse conte\u00fado. Os direitos que voc\u00ea concede nesta licen\u00e7a s\u00e3o com o prop\u00f3sito limitado de operar, promover e melhorar nossos Servi\u00e7os, e desenvolver novos. Esta licen\u00e7a continua mesmo se voc\u00ea parar de usar nossos Servi\u00e7os (por exemplo, para uma listagem de neg\u00f3cios que voc\u00ea adicionou ao Front Maps). Alguns servi\u00e7os podem oferecer-lhe maneiras de acessar e remover o conte\u00fado que foi fornecido a esse Servi\u00e7o. Al\u00e9m disso, em alguns de nossos Servi\u00e7os, existem termos ou configura\u00e7\u00f5es que estreitam o escopo do nosso uso do conte\u00fado enviado nesses Servi\u00e7os.<\/p>\t\t\t\t\t\t\t\t<\/div>\n\t\t\t\t<\/div>\n\t\t\t\t\t<\/div>\n\t\t<\/div>\n\t\t\t\t\t<\/div>\n\t\t<\/section>\n\t\t\t\t<section class=\"elementor-section elementor-top-section elementor-element elementor-element-2f8e689 elementor-section-stretched elementor-section-boxed elementor-section-height-default elementor-section-height-default\" data-id=\"2f8e689\" data-element_type=\"section\" data-settings=\"{&quot;stretch_section&quot;:&quot;section-stretched&quot;}\">\n\t\t\t\t\t\t<div class=\"elementor-container elementor-column-gap-extended\">\n\t\t\t\t\t<div class=\"elementor-column elementor-col-100 elementor-top-column elementor-element elementor-element-cb937d1\" data-id=\"cb937d1\" data-element_type=\"column\">\n\t\t\t<div class=\"elementor-widget-wrap elementor-element-populated\">\n\t\t\t\t\t\t<div class=\"elementor-element elementor-element-f91be6d elementor-widget elementor-widget-heading\" data-id=\"f91be6d\" data-element_type=\"widget\" data-widget_type=\"heading.default\">\n\t\t\t\t<div class=\"elementor-widget-container\">\n\t\t\t\t\t<h2 class=\"elementor-heading-title elementor-size-default\">Prestar aten\u00e7\u00e3o<\/h2>\t\t\t\t<\/div>\n\t\t\t\t<\/div>\n\t\t\t\t<div class=\"elementor-element elementor-element-b607bb3 elementor-widget elementor-widget-text-editor\" data-id=\"b607bb3\" data-element_type=\"widget\" data-widget_type=\"text-editor.default\">\n\t\t\t\t<div class=\"elementor-widget-container\">\n\t\t\t\t\t\t\t\t\t<p>Nossos Servi\u00e7os s\u00e3o muito diversos, por isso, \u00e0s vezes, condi\u00e7\u00f5es adicionais ou requisitos de produtos (incluindo requisitos de idade) podem ser aplicados. Termos adicionais estar\u00e3o dispon\u00edveis com os Servi\u00e7os relevantes, e esses termos adicionais se tornar\u00e3o parte do seu acordo connosco, se voc\u00ea usar.<\/p>\t\t\t\t\t\t\t\t<\/div>\n\t\t\t\t<\/div>\n\t\t\t\t\t<\/div>\n\t\t<\/div>\n\t\t\t\t\t<\/div>\n\t\t<\/section>\n\t\t\t\t<section class=\"elementor-section elementor-top-section elementor-element elementor-element-1640460 elementor-section-boxed elementor-section-height-default elementor-section-height-default\" data-id=\"1640460\" data-element_type=\"section\">\n\t\t\t\t\t\t<div class=\"elementor-container elementor-column-gap-default\">\n\t\t\t\t\t<div class=\"elementor-column elementor-col-100 elementor-top-column elementor-element elementor-element-2d04ea3\" data-id=\"2d04ea3\" data-element_type=\"column\">\n\t\t\t<div class=\"elementor-widget-wrap elementor-element-populated\">\n\t\t\t\t\t\t<div class=\"elementor-element elementor-element-8b6adb6 elementor-widget elementor-widget-heading\" data-id=\"8b6adb6\" data-element_type=\"widget\" data-widget_type=\"heading.default\">\n\t\t\t\t<div class=\"elementor-widget-container\">\n\t\t\t\t\t<h2 class=\"elementor-heading-title elementor-size-default\">Qualquer informa\u00e7\u00e3o adicional, dispomos <\/h2>\t\t\t\t<\/div>\n\t\t\t\t<\/div>\n\t\t\t\t\t<\/div>\n\t\t<\/div>\n\t\t\t\t\t<\/div>\n\t\t<\/section>\n\t\t\t\t<\/div>\n\t\t","protected":false},"excerpt":{"rendered":"<p>Termos &#038; Condi\u00e7\u00f5es Temos a miss\u00e3o de oferecer cursos atraentes e selecionados a um pre\u00e7o razo\u00e1vel. Usando nossos servi\u00e7os Voc\u00ea deve seguir todas as pol\u00edticas disponibilizadas para voc\u00ea dentro dos Servi\u00e7os. N\u00e3o use mal nossos servi\u00e7os. Por exemplo, n\u00e3o interfira em nossos Servi\u00e7os ou tente a cess\u00e1-los usando um m\u00e9todo diferente da interface e as [&hellip;]<\/p>\n","protected":false},"author":1,"featured_media":0,"parent":0,"menu_order":0,"comment_status":"closed","ping_status":"closed","template":"","meta":{"inline_featured_image":false,"_monsterinsights_skip_tracking":false,"_monsterinsights_sitenote_active":false,"_monsterinsights_sitenote_note":"","_monsterinsights_sitenote_category":0,"footnotes":""},"class_list":["post-5168","page","type-page","status-publish","hentry"],"_links":{"self":[{"href":"https:\/\/visoftlda.com\/cursos\/courses\/wp-json\/wp\/v2\/pages\/5168","targetHints":{"allow":["GET"]}}],"collection":[{"href":"https:\/\/visoftlda.com\/cursos\/courses\/wp-json\/wp\/v2\/pages"}],"about":[{"href":"https:\/\/visoftlda.com\/cursos\/courses\/wp-json\/wp\/v2\/types\/page"}],"author":[{"embeddable":true,"href":"https:\/\/visoftlda.com\/cursos\/courses\/wp-json\/wp\/v2\/users\/1"}],"replies":[{"embeddable":true,"href":"https:\/\/visoftlda.com\/cursos\/courses\/wp-json\/wp\/v2\/comments?post=5168"}],"version-history":[{"count":7,"href":"https:\/\/visoftlda.com\/cursos\/courses\/wp-json\/wp\/v2\/pages\/5168\/revisions"}],"predecessor-version":[{"id":5425,"href":"https:\/\/visoftlda.com\/cursos\/courses\/wp-json\/wp\/v2\/pages\/5168\/revisions\/5425"}],"wp:attachment":[{"href":"https:\/\/visoftlda.com\/cursos\/courses\/wp-json\/wp\/v2\/media?parent=5168"}],"curies":[{"name":"wp","href":"https:\/\/api.w.org\/{rel}","templated":true}]}}