{"id":5592,"date":"2022-10-19T13:44:11","date_gmt":"2022-10-19T13:44:11","guid":{"rendered":"https:\/\/cursos.visoft.ao\/cursos\/?page_id=5592"},"modified":"2022-11-24T21:20:03","modified_gmt":"2022-11-24T20:20:03","slug":"benvindo","status":"publish","type":"page","link":"https:\/\/visoftlda.com\/cursos\/courses\/benvindo\/","title":{"rendered":"benvindo"},"content":{"rendered":"\t\t<div data-elementor-type=\"wp-page\" data-elementor-id=\"5592\" class=\"elementor elementor-5592\">\n\t\t\t\t\t\t<section class=\"elementor-section elementor-top-section elementor-element elementor-element-b7be2ea elementor-section-boxed elementor-section-height-default elementor-section-height-default\" data-id=\"b7be2ea\" data-element_type=\"section\">\n\t\t\t\t\t\t<div class=\"elementor-container elementor-column-gap-default\">\n\t\t\t\t\t<div class=\"elementor-column elementor-col-50 elementor-top-column elementor-element elementor-element-88aa9d1\" data-id=\"88aa9d1\" data-element_type=\"column\">\n\t\t\t<div class=\"elementor-widget-wrap elementor-element-populated\">\n\t\t\t\t\t\t<div class=\"elementor-element elementor-element-9ef85ba elementor-widget elementor-widget-text-editor\" data-id=\"9ef85ba\" data-element_type=\"widget\" data-widget_type=\"text-editor.default\">\n\t\t\t\t<div class=\"elementor-widget-container\">\n\t\t\t\t\t\t\t\t\t<strong><span class=\" text-blue\">AUTORIA DOS CURSOS ADMINISTRADOS<\/span><\/strong>\t\t\t\t\t\t\t\t<\/div>\n\t\t\t\t<\/div>\n\t\t\t\t\t<\/div>\n\t\t<\/div>\n\t\t\t\t<div class=\"elementor-column elementor-col-50 elementor-top-column elementor-element elementor-element-f180732\" data-id=\"f180732\" data-element_type=\"column\">\n\t\t\t<div class=\"elementor-widget-wrap elementor-element-populated\">\n\t\t\t\t\t\t<div class=\"elementor-element elementor-element-b66a5c9 elementor-widget elementor-widget-text-editor\" data-id=\"b66a5c9\" data-element_type=\"widget\" data-widget_type=\"text-editor.default\">\n\t\t\t\t<div class=\"elementor-widget-container\">\n\t\t\t\t\t\t\t\t\t<p><strong>NOTA:<\/strong> Desejamos antes demais que sinta a vontade e bem vindo a maior plataforma de cursos Online.<\/p><p>a VISOFT, leva oa conhecimento de todos visitantes e alunos, que cursos que a plataforma disponibiliza n\u00e3o \u00e9 propriedade da VISOFT, mas a Visoft compra em v\u00e1rios autores respeitando os direitos dos autores e colocamos em sua disposi\u00e7\u00e3o para que tenhas uma forma\u00e7\u00e3o adequada.<\/p><p>se desejas ser um instrutor ou revendedor dos seus cursos por favor <a title=\"instrutor\" href=\"https:\/\/cursos.visoft.ao\/cursos\/instructor\">clique aqui<\/a><\/p>\t\t\t\t\t\t\t\t<\/div>\n\t\t\t\t<\/div>\n\t\t\t\t\t<\/div>\n\t\t<\/div>\n\t\t\t\t\t<\/div>\n\t\t<\/section>\n\t\t\t\t<\/div>\n\t\t","protected":false},"excerpt":{"rendered":"<p>AUTORIA DOS CURSOS ADMINISTRADOS NOTA: Desejamos antes demais que sinta a vontade e bem vindo a maior plataforma de cursos Online. a VISOFT, leva oa conhecimento de todos visitantes e alunos, que cursos que a plataforma disponibiliza n\u00e3o \u00e9 propriedade da VISOFT, mas a Visoft compra em v\u00e1rios autores respeitando os direitos dos autores e [&hellip;]<\/p>\n","protected":false},"author":1,"featured_media":0,"parent":0,"menu_order":0,"comment_status":"closed","ping_status":"closed","template":"","meta":{"inline_featured_image":false,"_monsterinsights_skip_tracking":false,"_monsterinsights_sitenote_active":false,"_monsterinsights_sitenote_note":"","_monsterinsights_sitenote_category":0,"footnotes":""},"class_list":["post-5592","page","type-page","status-publish","hentry"],"_links":{"self":[{"href":"https:\/\/visoftlda.com\/cursos\/courses\/wp-json\/wp\/v2\/pages\/5592","targetHints":{"allow":["GET"]}}],"collection":[{"href":"https:\/\/visoftlda.com\/cursos\/courses\/wp-json\/wp\/v2\/pages"}],"about":[{"href":"https:\/\/visoftlda.com\/cursos\/courses\/wp-json\/wp\/v2\/types\/page"}],"author":[{"embeddable":true,"href":"https:\/\/visoftlda.com\/cursos\/courses\/wp-json\/wp\/v2\/users\/1"}],"replies":[{"embeddable":true,"href":"https:\/\/visoftlda.com\/cursos\/courses\/wp-json\/wp\/v2\/comments?post=5592"}],"version-history":[{"count":17,"href":"https:\/\/visoftlda.com\/cursos\/courses\/wp-json\/wp\/v2\/pages\/5592\/revisions"}],"predecessor-version":[{"id":6901,"href":"https:\/\/visoftlda.com\/cursos\/courses\/wp-json\/wp\/v2\/pages\/5592\/revisions\/6901"}],"wp:attachment":[{"href":"https:\/\/visoftlda.com\/cursos\/courses\/wp-json\/wp\/v2\/media?parent=5592"}],"curies":[{"name":"wp","href":"https:\/\/api.w.org\/{rel}","templated":true}]}}