{"id":3866,"date":"2022-07-28T08:08:27","date_gmt":"2022-07-28T08:08:27","guid":{"rendered":"https:\/\/demoapus1.com\/educrat\/tutor\/?post_type=product&#038;p=3866"},"modified":"2022-11-27T21:01:06","modified_gmt":"2022-11-27T20:01:06","slug":"chairs-for-living-room","status":"publish","type":"product","link":"https:\/\/visoftlda.com\/cursos\/courses\/product\/chairs-for-living-room\/","title":{"rendered":"Curso de manuten\u00e7\u00e3o de Micros-Computarores e NoteBooks"},"content":{"rendered":"<p>O curso completo de Montagem e Manuten\u00e7\u00e3o possui 31 video aulas e est\u00e1 totalmente atualizado. O treinamento dado no curso e voltado tanto para computadores quanto para notebooks, no curso voc\u00ea aprender\u00e1 desde a montagem das pe\u00e7as a formata\u00e7\u00e3o e configura\u00e7\u00e3o do sistema.<\/p>\n","protected":false},"excerpt":{"rendered":"<p>Besides, random text risks to be unintendedly humorous or offensive, an unacceptable risk in corporate environments and its many variants have been employed.<\/p>\n","protected":false},"featured_media":5485,"comment_status":"open","ping_status":"closed","template":"","meta":{"inline_featured_image":false,"_monsterinsights_skip_tracking":false,"_monsterinsights_sitenote_active":false,"_monsterinsights_sitenote_note":"","_monsterinsights_sitenote_category":0},"product_brand":[],"product_cat":[169,175],"product_tag":[165,174,190],"class_list":{"0":"post-3866","1":"product","2":"type-product","3":"status-publish","4":"has-post-thumbnail","6":"product_cat-furniture","7":"product_cat-leather","8":"product_tag-education","9":"product_tag-learn","10":"product_tag-training","12":"first","13":"instock","14":"downloadable","15":"virtual","16":"purchasable","17":"product-type-simple"},"_links":{"self":[{"href":"https:\/\/visoftlda.com\/cursos\/courses\/wp-json\/wp\/v2\/product\/3866","targetHints":{"allow":["GET"]}}],"collection":[{"href":"https:\/\/visoftlda.com\/cursos\/courses\/wp-json\/wp\/v2\/product"}],"about":[{"href":"https:\/\/visoftlda.com\/cursos\/courses\/wp-json\/wp\/v2\/types\/product"}],"replies":[{"embeddable":true,"href":"https:\/\/visoftlda.com\/cursos\/courses\/wp-json\/wp\/v2\/comments?post=3866"}],"version-history":[{"count":3,"href":"https:\/\/visoftlda.com\/cursos\/courses\/wp-json\/wp\/v2\/product\/3866\/revisions"}],"predecessor-version":[{"id":7579,"href":"https:\/\/visoftlda.com\/cursos\/courses\/wp-json\/wp\/v2\/product\/3866\/revisions\/7579"}],"wp:featuredmedia":[{"embeddable":true,"href":"https:\/\/visoftlda.com\/cursos\/courses\/wp-json\/wp\/v2\/media\/5485"}],"wp:attachment":[{"href":"https:\/\/visoftlda.com\/cursos\/courses\/wp-json\/wp\/v2\/media?parent=3866"}],"wp:term":[{"taxonomy":"product_brand","embeddable":true,"href":"https:\/\/visoftlda.com\/cursos\/courses\/wp-json\/wp\/v2\/product_brand?post=3866"},{"taxonomy":"product_cat","embeddable":true,"href":"https:\/\/visoftlda.com\/cursos\/courses\/wp-json\/wp\/v2\/product_cat?post=3866"},{"taxonomy":"product_tag","embeddable":true,"href":"https:\/\/visoftlda.com\/cursos\/courses\/wp-json\/wp\/v2\/product_tag?post=3866"}],"curies":[{"name":"wp","href":"https:\/\/api.w.org\/{rel}","templated":true}]}}